{"id":771,"date":"2024-02-04T18:44:43","date_gmt":"2024-02-04T17:44:43","guid":{"rendered":"https:\/\/www.radiobunker.de\/de\/?post_type=product&#038;p=771"},"modified":"2025-11-03T16:15:28","modified_gmt":"2025-11-03T15:15:28","slug":"accupack101","status":"publish","type":"product","link":"https:\/\/www.radiobunker.de\/de\/artnum\/accupack101","title":{"rendered":"Akku Pack 12,8V f\u00fcr I-COM IC705 &#8211; LiPo4 Akku &#8211; 12V Netz \/ USB-C &#8211; Vorbestellung"},"content":{"rendered":"<p>Liebe Funker- Freunde,<\/p>\n<p>im Auftrag eines renommierten T\u00fcftlers und Funkerkollegen gibt es nun etwas neues und einzigartiges f\u00fcr die I-COM ICE705 Portabel.<\/p>\n<p>Neue I-COM IC705 QRP und keine Leistung? Oft liegt es an der Stromversorgung! Endlich ist es soweit, denn mit dem 12V Lithium Pack besitzt man nun eine konstante 12.8V Stromquelle, die sogar das Maximum an Leistung an der I-COM IC705 zulassen. Mit dem eingebauten Akku der I-COM IC705 sind im QRP Betrieb stehen eben nur 5W Sendeleistung zur Verf\u00fcgung. Mit dem neuen Lithium Pack liefert dieser nun konstant 12.8V Strom zur ICOM IC705. Dank fortschrittlicher und sicherer Lithium-Eisenphosphat Technologie kann die I-COM IC705 nun aus dem Vollen sch\u00f6pfen, da es nun im Spannungs- und Leistungsbereich eines KFZ-Bordnetzes arbeiten kann. Neben dem Steckeradapter l\u00e4sst es sich beispielsweise \u00fcber ein 12V \/ 18V Solarzellensystem oder an einem KFZ-Ladeger\u00e4t (bis 2A) aufladen.<\/p>\n<p><strong>Hier die Eckpunkte im \u00dcberblick:<\/strong><\/p>\n<ul>\n<li>12,8V Arbeitsspannung<\/li>\n<li>Maximaler Strom: 20A<\/li>\n<li>Puls Strom: 30A<\/li>\n<li>Abschaltspannung: min. 8V, max. 14,6V<\/li>\n<li>Ausgleichsstrom: 60-90mA<\/li>\n<li>Konstanter Strom: 10A<\/li>\n<li>14,6V Ladenschlussspannung<\/li>\n<li>6000mAh Kapazit\u00e4t<\/li>\n<li>2000 volle Ladezyklen &#8211; also f\u00fcr die Ewigkeit<\/li>\n<li>8A dauerhafte Stromleistung<\/li>\n<li>2A maximal empfohlener Ladestrom<\/li>\n<li>Akkustandanzeige in Stufen \/ 25 &#8211; 50 &#8211; 75 &#8211; 100%<\/li>\n<li>Zus\u00e4tzliche 2 x 12,8V Ausg\u00e4nge f\u00fcr zus\u00e4tzliche Verbraucher<\/li>\n<li>2x Powerpole, 1x 5.5mm x 2.1mm Buchse<\/li>\n<li>Ladebuchse f\u00fcr 5.5&#215;2.1mm Rundstecker \/ USB-C<\/li>\n<\/ul>\n<p><strong>Bisher verf\u00fcgbar f\u00fcr folgende QRP Ger\u00e4te:<\/strong><\/p>\n<ul>\n<li>I-COM IC705<\/li>\n<\/ul>\n<p>Das Geh\u00e4use besteht aus schlagfestem PETG, welches im FDM Druckverfahren hergestellt ist. Das Design ist in der derzeitigen Variante an die I-COM IC705 angepasst.<\/p>\n<p><strong>Lieferumfang:<\/strong><\/p>\n<ul>\n<li>Akku Pack 2000mAh<\/li>\n<li>12V Ladeger\u00e4t (230V Netzger\u00e4t) \/ USB-C <em>(Kann im Bestellprozess ausgew\u00e4hlt werden)<\/em><\/li>\n<\/ul>\n","protected":false},"excerpt":{"rendered":"<ul>\n<li>12,8V Arbeitsspannung<\/li>\n<li>Maximaler Strom: 20A<\/li>\n<li>Puls Strom: 30A<\/li>\n<li>Abschaltspannung: min. 8V, max. 14,6V<\/li>\n<li>Ausgleichsstrom: 60-90mA<\/li>\n<li>Konstanter Strom: 10A<\/li>\n<li>14,6V Ladenschlussspannung<\/li>\n<li>6000mAh Kapazit\u00e4t<\/li>\n<li>2000 volle Ladezyklen &#8211; also f\u00fcr die Ewigkeit<\/li>\n<li>8A dauerhafte Stromleistung<\/li>\n<li>2A maximal empfohlener Ladestrom<\/li>\n<li>Akkustandanzeige in Stufen \/ 25 &#8211; 50 &#8211; 75 &#8211; 100%<\/li>\n<li>Zus\u00e4tzliche 2 x 12,8V Ausg\u00e4nge f\u00fcr zus\u00e4tzliche Verbraucher<\/li>\n<li>2x Powerpole, 1x 5.5mm x 2.1mm Buchse<\/li>\n<li>Ladebuchse f\u00fcr 5.5&#215;2.1mm Rundstecker \/ USB-C<\/li>\n<\/ul>\n<p><span style=\"color: red;\"><strong>***** WICHTIGE INFORMATION ZUR BESTELLUNG *****<\/strong><\/span> <span style=\"color: darkgrey;\">Dies ist eine Vorbestellung und noch kein g\u00fcltiger Erwerb des Akku Packs. Sie erwerben lediglich einen Warteplatz, der bei vollst\u00e4ndiger Bezahlung an Sie garantiert ausgeliefert wird. Die durchschnittliche Wartezeit f\u00fcr diesen Akku betr\u00e4gt ungef\u00e4hr ca. 8 Wochen! <strong>Beim kaufen dieses Akku Packs wird dieser voraussichtlich erst in 8 Wochen ab Bestelldatum versendet.<\/strong><\/span> <span style=\"color: red;\"><strong>***** WICHTIGE INFORMATION ZUR BESTELLUNG *****<\/strong><\/span><\/p>\n","protected":false},"featured_media":51,"comment_status":"open","ping_status":"closed","template":"","meta":[],"product_brand":[],"product_cat":[71],"product_tag":[110,74,85,72,73,114,111,112,113,83,84,116,115,82,75],"class_list":{"0":"post-771","1":"product","2":"type-product","3":"status-publish","4":"has-post-thumbnail","6":"product_cat-akku","7":"product_tag-12-8v","8":"product_tag-12v","9":"product_tag-accu","10":"product_tag-akku","11":"product_tag-akku-pack","12":"product_tag-i_com","13":"product_tag-i-com-ic705","14":"product_tag-ic705","15":"product_tag-icom","16":"product_tag-lifopo4","17":"product_tag-lithium","18":"product_tag-portable","19":"product_tag-qrp","20":"product_tag-ssb","21":"product_tag-usb","23":"first","24":"instock","25":"sold-individually","26":"shipping-taxable","27":"purchasable","28":"product-type-variable","29":"has-default-attributes"},"_links":{"self":[{"href":"https:\/\/www.radiobunker.de\/de\/wp-json\/wp\/v2\/product\/771","targetHints":{"allow":["GET"]}}],"collection":[{"href":"https:\/\/www.radiobunker.de\/de\/wp-json\/wp\/v2\/product"}],"about":[{"href":"https:\/\/www.radiobunker.de\/de\/wp-json\/wp\/v2\/types\/product"}],"replies":[{"embeddable":true,"href":"https:\/\/www.radiobunker.de\/de\/wp-json\/wp\/v2\/comments?post=771"}],"wp:featuredmedia":[{"embeddable":true,"href":"https:\/\/www.radiobunker.de\/de\/wp-json\/wp\/v2\/media\/51"}],"wp:attachment":[{"href":"https:\/\/www.radiobunker.de\/de\/wp-json\/wp\/v2\/media?parent=771"}],"wp:term":[{"taxonomy":"product_brand","embeddable":true,"href":"https:\/\/www.radiobunker.de\/de\/wp-json\/wp\/v2\/product_brand?post=771"},{"taxonomy":"product_cat","embeddable":true,"href":"https:\/\/www.radiobunker.de\/de\/wp-json\/wp\/v2\/product_cat?post=771"},{"taxonomy":"product_tag","embeddable":true,"href":"https:\/\/www.radiobunker.de\/de\/wp-json\/wp\/v2\/product_tag?post=771"}],"curies":[{"name":"wp","href":"https:\/\/api.w.org\/{rel}","templated":true}]}}