{"id":277,"date":"2024-01-28T22:27:27","date_gmt":"2024-01-28T21:27:27","guid":{"rendered":"https:\/\/www.radiobunker.de\/de\/?post_type=product&#038;p=277"},"modified":"2025-10-23T11:33:52","modified_gmt":"2025-10-23T09:33:52","slug":"accupack100","status":"publish","type":"product","link":"https:\/\/www.radiobunker.de\/de\/artnum\/accupack100","title":{"rendered":"Akku Pack 12,8V f\u00fcr PNI Escort HP62, Albrecht AE 2890 \/ 2990 \/ RL102, ALAN 42 DS &#8211; Stabo SA 2000 &#8211; LiPo4 Akku &#8211; 12V Netz \/ USB-C"},"content":{"rendered":"<p>Liebe Funker- Freunde,<\/p>\n<p>im Auftrag eines renommierten T\u00fcftlers und Funkerkollegen gibt es nun etwas neues und einzigartiges f\u00fcr die PNI Escort HP62, Albrecht AE 2890 \/ 2990 \/ RL102, ALAN 42 DS und \u00e4hnliche Modelle sowie die Stabo SA 2000..<\/p>\n<p>Neues Handfunkger\u00e4t und keine Leistung? Oft liegt es an der Stromversorgung! Mit dem beilegen Batteriekasten gewinnt man da keinen Blumentopf, egal ob da Duracell oder Eneloops Akkus drinstecken. So eiert das Funkger\u00e4t oft nur um die 2W herum.<\/p>\n<p>Endlich ist es Zeit, diesen antiquierten und nicht mehr Zeitgem\u00e4\u00dfen Batteriekasten abzul\u00f6sen mit dem 12V Lithium Pack. Dank fortschrittlicher und sicherer Lithium-Eisenphosphat Technologie kann das Handfunkger\u00e4t nun aus dem Vollen sch\u00f6pfen, da es nun im Spannungs- und Leistungsbereich eines KFZ-Bordnetzes arbeiten kann. Neben dem Steckeradapter l\u00e4sst es sich beispielsweise \u00fcber ein 12V \/ 18V Solarzellensystem oder an einem KFZ-Ladeger\u00e4t (bis 2A) aufladen.<\/p>\n<p><strong>Hier die Eckpunkte im \u00dcberblick:<\/strong><\/p>\n<ul>\n<li>12,8V Arbeitsspannung<\/li>\n<li>14,6V Ladenschlussspannung<\/li>\n<li>2000mAh Kapazit\u00e4t<\/li>\n<li>2000 volle Ladezyklen &#8211; also f\u00fcr die Ewigkeit<\/li>\n<li>8A dauerhafte Stromleistung<\/li>\n<li>2A maximal empfohlener Ladestrom<\/li>\n<li>Ladebuchse f\u00fcr 5.5&#215;2.1mm Rundstecker \/ USB-C<\/li>\n<\/ul>\n<p><strong>Bisher verf\u00fcgbar f\u00fcr folgende Handfunkger\u00e4te:<\/strong><\/p>\n<ul>\n<li>PNI Escort HP62<\/li>\n<li>Albrecht AE 2890 \/ 2990<\/li>\n<li>Albrecht RL102,<\/li>\n<li>ALAN 42 DS<\/li>\n<li>Stabo SA 2000<\/li>\n<\/ul>\n<p>Die Ladebuchse kann auf Wunsch parallel zum Handfunkger\u00e4t aufgeschaltet werden, damit\u00a0 neben Handfunkger\u00e4t auch ein weiteres bzw. zus\u00e4tzliches Ger\u00e4t anschlie\u00dfen kann. Standardm\u00e4\u00dfig erf\u00fcllt sie nur die Funktion des Ladens, wobei dann der Stromfluss zum Handfunkger\u00e4t unterbrochen ist.<\/p>\n<p>Das Geh\u00e4use besteht aus schlagfestem PETG, welches im FDM Druckverfahren hergestellt ist. Das Design ist in der derzeitigen Variante an die PNI Escort HP 62 angepasst. Varianten explizit f\u00fcr die Alan 42 DS sowie die Albrecht AE 2990 sollen folgen. Standardm\u00e4\u00dfig funktioniert der Akku an jedem Handfunkger\u00e4t mit dieser ber\u00fchmten Schiebeverbindung.<\/p>\n<p><strong>Lieferumfang:<\/strong><\/p>\n<ul>\n<li>Akku Pack 2000mAh<\/li>\n<li>12V Ladeger\u00e4t (230V Netzger\u00e4t) \/ USB-C <em>(Kann im Bestellprozess ausgew\u00e4hlt werden)<\/em><\/li>\n<\/ul>\n<p><span style=\"color: red;\"><strong>***** WICHTIGE INFORMATION ZUR BESTELLUNG *****<\/strong><\/span><br \/>\n<span style=\"color: darkgrey;\">Die Produktion erfolgt auf Kundenwunsch und bei Bestellung. Wenn Sie diesen Akku Pack bestellen, wird dieser als &#8222;<strong>vorgemerkt und vorbestellt<\/strong>&#8220; markiert und erhalten dann nach erfolgreicher Produktion einen vollwertigen Akku Pack f\u00fcr Ihr Handfunkger\u00e4t. <strong>Aktuelle Vorlaufzeit betr\u00e4gt 4 Wochen.<\/strong><\/span><br \/>\n<span style=\"color: red;\"><strong>***** WICHTIGE INFORMATION ZUR BESTELLUNG *****<\/strong><\/span><\/p>\n","protected":false},"excerpt":{"rendered":"<p><strong>Hier die Eckpunkte im \u00dcberblick:<\/strong><\/p>\n<ul>\n<li>12,8V Arbeitsspannung<\/li>\n<li>14,6V Ladenschlussspannung<\/li>\n<li>2000mAh Kapazit\u00e4t<\/li>\n<li>2000 volle Ladezyklen &#8211; also f\u00fcr die Ewigkeit<\/li>\n<li>8A dauerhafte Stromleistung<\/li>\n<li>2A maximal empfohlener Ladestrom<\/li>\n<li>Ladebuchse f\u00fcr 5.5&#215;2.1mm Rundstecker<\/li>\n<\/ul>\n<p><strong>Bisher verf\u00fcgbar f\u00fcr folgende Handfunkger\u00e4te:<\/strong><\/p>\n<ul>\n<li>PNI Escort HP62<\/li>\n<li>Albrecht AE 2890 \/ 2990<\/li>\n<li>Albrecht RL102,<\/li>\n<li>ALAN 42 DS<\/li>\n<li>Stabo SA 2000<\/li>\n<\/ul>\n<p><span style=\"color: red;\"><strong>***** WICHTIGE INFORMATION ZUR BESTELLUNG *****<\/strong><\/span><br \/>\n<span style=\"color: darkgrey;\">Die Produktion erfolgt auf Kundenwunsch und bei Bestellung. Wenn Sie diesen Akku Pack bestellen, wird dieser als &#8222;<strong>vorgemerkt und vorbestellt<\/strong>&#8220; markiert und erhalten dann nach erfolgreicher Produktion einen vollwertigen Akku Pack f\u00fcr Ihr Handfunkger\u00e4t. <strong>Aktuelle Vorlaufzeit betr\u00e4gt 2 Wochen.<\/strong><\/span><br \/>\n<span style=\"color: red;\"><strong>***** WICHTIGE INFORMATION ZUR BESTELLUNG *****<\/strong><\/span><\/p>\n","protected":false},"featured_media":69,"comment_status":"open","ping_status":"closed","template":"","meta":[],"product_brand":[],"product_cat":[71],"product_tag":[74,85,72,73,77,76,81,79,80,83,84,78,82,75],"class_list":{"0":"post-277","1":"product","2":"type-product","3":"status-publish","4":"has-post-thumbnail","6":"product_cat-akku","7":"product_tag-12v","8":"product_tag-accu","9":"product_tag-akku","10":"product_tag-akku-pack","11":"product_tag-alan","12":"product_tag-albrecht","13":"product_tag-albrecht-2890","14":"product_tag-escort","15":"product_tag-hp62","16":"product_tag-lifopo4","17":"product_tag-lithium","18":"product_tag-pni","19":"product_tag-ssb","20":"product_tag-usb","22":"first","23":"instock","24":"sold-individually","25":"shipping-taxable","26":"purchasable","27":"product-type-variable","28":"has-default-attributes"},"_links":{"self":[{"href":"https:\/\/www.radiobunker.de\/de\/wp-json\/wp\/v2\/product\/277","targetHints":{"allow":["GET"]}}],"collection":[{"href":"https:\/\/www.radiobunker.de\/de\/wp-json\/wp\/v2\/product"}],"about":[{"href":"https:\/\/www.radiobunker.de\/de\/wp-json\/wp\/v2\/types\/product"}],"replies":[{"embeddable":true,"href":"https:\/\/www.radiobunker.de\/de\/wp-json\/wp\/v2\/comments?post=277"}],"wp:featuredmedia":[{"embeddable":true,"href":"https:\/\/www.radiobunker.de\/de\/wp-json\/wp\/v2\/media\/69"}],"wp:attachment":[{"href":"https:\/\/www.radiobunker.de\/de\/wp-json\/wp\/v2\/media?parent=277"}],"wp:term":[{"taxonomy":"product_brand","embeddable":true,"href":"https:\/\/www.radiobunker.de\/de\/wp-json\/wp\/v2\/product_brand?post=277"},{"taxonomy":"product_cat","embeddable":true,"href":"https:\/\/www.radiobunker.de\/de\/wp-json\/wp\/v2\/product_cat?post=277"},{"taxonomy":"product_tag","embeddable":true,"href":"https:\/\/www.radiobunker.de\/de\/wp-json\/wp\/v2\/product_tag?post=277"}],"curies":[{"name":"wp","href":"https:\/\/api.w.org\/{rel}","templated":true}]}}