{"id":183,"date":"2024-01-28T20:41:02","date_gmt":"2024-01-28T19:41:02","guid":{"rendered":"https:\/\/www.radiobunker.de\/de\/?post_type=product&#038;p=183"},"modified":"2026-04-28T18:45:36","modified_gmt":"2026-04-28T16:45:36","slug":"ant101","status":"publish","type":"product","link":"https:\/\/www.radiobunker.de\/de\/artnum\/ant101","title":{"rendered":"CB Funk Drahtantenne 11m Band &#8211; 26,5 &#8211; 27,4 MHz &#8211; RG58 CU\/AL &#8211; Eigenbau"},"content":{"rendered":"<div id=\"ds_div\">\n<p dir=\"ltr\">Diese Drahtantenne besteht aus einem RG58 Kabel wobei der Strahler aus einem 2,5mm\u00b3 dicken Kupfer (CU) Lautsprecherkabel und der Kabelinnenleiter aus Kupfer (CU) besteht. Die Strahlerl\u00e4nge betr\u00e4gt einen 1\/4 \u03bb und besteht aus einer intrigierten Mantelwellensperre auf einem 4,3 Zoll Ring. Die Gesamtl\u00e4nge der Antenne betr\u00e4gt rund 8,0m. Einen vormontierten PL-Stecker ist ebenfalls dabei.<\/p>\n<p dir=\"ltr\">Diese Drahtantenne kann sowohl f\u00fcr den Mobilen Betrieb, sowie im Garten oder Feldern eingesetzt werden und ben\u00f6tigt daher auch keine weitere Masse oder spezielle Montierungen. Dank der integrierten Schlaufe, l\u00e4sst sich diese Drahtantenne auch an B\u00e4umen oder Angelruten anbringen.<\/p>\n<p dir=\"ltr\"><b>Technische Daten<\/b>:<\/p>\n<ul>\n<li dir=\"ltr\">Frequenzbereich: 26,505 &#8211; 27,405 MHz \/ CB Funk 11m Band<\/li>\n<li dir=\"ltr\">Strahlerl\u00e4nge: 1\/4 \u03bb \/ 2,5mm\u00b3<\/li>\n<li dir=\"ltr\">Zuleitung: Standard 5m &#8211; <em>(kann im Bestellprozess ausgew\u00e4hlt werden)<\/em><\/li>\n<li>Belastbar bis: 150W \/ 200W Peak<\/li>\n<li dir=\"ltr\">SWR: &lt; 1 : 1,5<\/li>\n<li dir=\"ltr\">Material: RG58 CU\/AL \/ MIL <em>(kann im Bestellprozess ausgew\u00e4hlt werden)<\/em><\/li>\n<li dir=\"ltr\">Impedanz: 50 \u03a9<\/li>\n<li dir=\"ltr\">Mantelsperre: 4,3 Zoll, 6W<\/li>\n<li dir=\"ltr\">Steckverbindung: PL, BNC <em>(Kann im Bestellprozess ausgew\u00e4hlt werden)<\/em><\/li>\n<\/ul>\n<p dir=\"ltr\"><b>Hinweis<\/b>: Dieses Drahtantenne ist ein Eigenbau und kann je nach Einsatzzweck von den Technischen Werten abweichen.<\/p>\n<\/div>\n","protected":false},"excerpt":{"rendered":"<p dir=\"ltr\"><b>Technische Daten<\/b>:<\/p>\n<ul>\n<li dir=\"ltr\">Frequenzbereich: 26,505 &#8211; 27,405 MHz \/ CB Funk 11m Band<\/li>\n<li dir=\"ltr\">Strahlerl\u00e4nge: 1\/4 \u03bb \/ 2,5mm\u00b3<\/li>\n<li dir=\"ltr\">Zuleitung: Standard 5m &#8211; <em>(kann im Bestellprozess ausgew\u00e4hlt werden)<\/em><\/li>\n<li>Belastbar bis: 150W \/ 200W Peak<\/li>\n<li dir=\"ltr\">SWR: &lt; 1 : 1,5<\/li>\n<li dir=\"ltr\">Material: RG58 CU\/AL \/ MIL <em>(kann im Bestellprozess ausgew\u00e4hlt werden)<\/em><\/li>\n<li dir=\"ltr\">Impedanz: 50 \u03a9<\/li>\n<li dir=\"ltr\">Mantelsperre: 4,3 Zoll, 6W<\/li>\n<li dir=\"ltr\">Steckverbindung: PL, BNC <em>(Kann im Bestellprozess ausgew\u00e4hlt werden)<\/em><\/li>\n<\/ul>\n","protected":false},"featured_media":169,"comment_status":"open","ping_status":"closed","template":"","meta":[],"product_brand":[],"product_cat":[17,18],"product_tag":[19,41,40,37,20,35,36,39,38],"class_list":{"0":"post-183","1":"product","2":"type-product","3":"status-publish","4":"has-post-thumbnail","6":"product_cat-amateurfunk","7":"product_cat-drahtantennen","8":"product_tag-antenne","9":"product_tag-bnc","10":"product_tag-cb","11":"product_tag-cb-funk","12":"product_tag-drahtantenne","13":"product_tag-funk","14":"product_tag-kabel","15":"product_tag-koaxialkabel","16":"product_tag-pl-stecker","18":"first","19":"instock","20":"sold-individually","21":"shipping-taxable","22":"purchasable","23":"product-type-variable"},"_links":{"self":[{"href":"https:\/\/www.radiobunker.de\/de\/wp-json\/wp\/v2\/product\/183","targetHints":{"allow":["GET"]}}],"collection":[{"href":"https:\/\/www.radiobunker.de\/de\/wp-json\/wp\/v2\/product"}],"about":[{"href":"https:\/\/www.radiobunker.de\/de\/wp-json\/wp\/v2\/types\/product"}],"replies":[{"embeddable":true,"href":"https:\/\/www.radiobunker.de\/de\/wp-json\/wp\/v2\/comments?post=183"}],"wp:featuredmedia":[{"embeddable":true,"href":"https:\/\/www.radiobunker.de\/de\/wp-json\/wp\/v2\/media\/169"}],"wp:attachment":[{"href":"https:\/\/www.radiobunker.de\/de\/wp-json\/wp\/v2\/media?parent=183"}],"wp:term":[{"taxonomy":"product_brand","embeddable":true,"href":"https:\/\/www.radiobunker.de\/de\/wp-json\/wp\/v2\/product_brand?post=183"},{"taxonomy":"product_cat","embeddable":true,"href":"https:\/\/www.radiobunker.de\/de\/wp-json\/wp\/v2\/product_cat?post=183"},{"taxonomy":"product_tag","embeddable":true,"href":"https:\/\/www.radiobunker.de\/de\/wp-json\/wp\/v2\/product_tag?post=183"}],"curies":[{"name":"wp","href":"https:\/\/api.w.org\/{rel}","templated":true}]}}