{"id":174,"date":"2024-01-28T20:29:43","date_gmt":"2024-01-28T19:29:43","guid":{"rendered":"https:\/\/www.radiobunker.de\/de\/?post_type=product&#038;p=174"},"modified":"2026-04-23T22:14:17","modified_gmt":"2026-04-23T20:14:17","slug":"ant102","status":"publish","type":"product","link":"https:\/\/www.radiobunker.de\/de\/artnum\/ant102","title":{"rendered":"CB Funk 5\/8 Drahtantenne &#8211; 24,90 &#8211; 30 MHz &#8211; RG58 CU\/AL &#8211; Eigenbau"},"content":{"rendered":"<p>Hier wird ein Eigenbau einer 5\/8 Drahtantenne f\u00fcr die Frequenzbereiche 26,50 &#8211; 28,50 MHz angeboten. Diese Drahtantenne besteht aus einem hochwertigen RG58 Kabel wobei der Strahler aus einem 2,5mm\u00b3 dicken Kupfer (CU) Lautsprecherkabel und der Kabelinnenleiter aus Kupfer (CU) besteht. Die Strahlerl\u00e4nge betr\u00e4gt einen 5\/8 \u03bb und besteht aus einer intrigierten Mantelwellensperre auf einem 2,6 Zoll Ring. Die Gesamtl\u00e4nge der Antenne betr\u00e4gt rund 12,0m. Einen vormontierten PL-Stecker ist ebenfalls dabei.<\/p>\n<p>Momentan ist dieser Eigenbau auf 24,90 &#8211; 30 MHz eingestellt. Diese kann problemlos durch k\u00fcrzen oder verl\u00e4ngern des Strahlers mithilfe der Schlaufe angepasst werden.<br \/>\nDiese Drahtantenne kann sowohl f\u00fcr den Mobilen Betrieb, sowie im Garten oder Feldern eingesetzt werden und ben\u00f6tigt daher auch keine weitere Masse oder spezielle Montierungen. Dank der integrierten Schlaufe, l\u00e4sst sich diese Drahtantenne auch an B\u00e4umen oder Angelruten anbringen.<\/p>\n<p><strong>Technische Daten:<\/strong><\/p>\n<ul style=\"text-align: left;\">\n<li dir=\"ltr\">Frequenzbereich: 24,90 &#8211; 30 MHz \/ CB Funk \/ 10 &#8211; 12m Band<\/li>\n<li dir=\"ltr\">Strahlerl\u00e4nge: 5\/8 \u03bb \/ 10m \/ 11m \/ 12m<\/li>\n<li dir=\"ltr\">Zuleitung: Standard 5m &#8211; <em>(kann im Bestellprozess ausgew\u00e4hlt werden)<\/em><\/li>\n<li>Belastbar bis: 200 W \/ 400 W Peak<\/li>\n<li dir=\"ltr\">SWR: &lt; 1 : 1,5<\/li>\n<li dir=\"ltr\">Antennengewinn: ~ 1,5 dbi<\/li>\n<li dir=\"ltr\">Material: RG58 CU \/ AL \/ MIL <em>(Kann im Bestellprozess ausgew\u00e4hlt werden)<\/em><\/li>\n<li dir=\"ltr\">Impedanz: ~ zw. 45 &#8211; 60 \u03a9<\/li>\n<li dir=\"ltr\">Mantelsperre: 2,6 Zoll, 16W<\/li>\n<li>Steckverbindung: PL Stecker<\/li>\n<li>Drahtspule in verschieden Farben <em>(Momentan nur schwarz, andere Farben derzeitig nicht lieferbar)<\/em><\/li>\n<\/ul>\n<p dir=\"ltr\" style=\"text-align: left;\"><b>Hinweis<\/b>: Dieses Drahtantenne ist ein Eigenbau und kann je nach Einsatzzweck von den Technischen Werten abweichen. Die Bearbeitung der Bestellung kann zw. 3 und 6 Tagen dauern.<\/p>\n","protected":false},"excerpt":{"rendered":"<p><strong>Technische Daten:<\/strong><\/p>\n<ul style=\"text-align: left;\">\n<li dir=\"ltr\">Frequenzbereich: 24,90 &#8211; 30 MHz \/ CB Funk \/ 10 &#8211; 12m Band<\/li>\n<li dir=\"ltr\">Strahlerl\u00e4nge: 5\/8 \u03bb \/ 10m \/ 11m \/ 12m<\/li>\n<li dir=\"ltr\">Zuleitung: Standard 5m &#8211; <em>(kann im Bestellprozess ausgew\u00e4hlt werden)<\/em><\/li>\n<li>Belastbar bis: 200 W \/ 400 W Peak<\/li>\n<li dir=\"ltr\">SWR: &lt; 1 : 1,5<\/li>\n<li dir=\"ltr\">Antennengewinn: ~ 1,5 dbi<\/li>\n<li dir=\"ltr\">Material: RG58 CU \/ AL \/ MIL <em>(Kann im Bestellprozess ausgew\u00e4hlt werden)<\/em><\/li>\n<li dir=\"ltr\">Impedanz: ~ zw. 45 &#8211; 60 \u03a9<\/li>\n<li dir=\"ltr\">Mantelsperre: 2,6 Zoll, 16W<\/li>\n<li>Steckverbindung: PL Stecker<\/li>\n<li>Drahtspule in verschieden Farben <em>(Momentan nur schwarz, andere Farben derzeitig nicht lieferbar)<\/em><\/li>\n<\/ul>\n","protected":false},"featured_media":161,"comment_status":"open","ping_status":"closed","template":"","meta":[],"product_brand":[],"product_cat":[17,18,86],"product_tag":[19,40,37,20,35,36,39,38],"class_list":{"0":"post-174","1":"product","2":"type-product","3":"status-publish","4":"has-post-thumbnail","6":"product_cat-amateurfunk","7":"product_cat-drahtantennen","8":"product_cat-zubehoer","9":"product_tag-antenne","10":"product_tag-cb","11":"product_tag-cb-funk","12":"product_tag-drahtantenne","13":"product_tag-funk","14":"product_tag-kabel","15":"product_tag-koaxialkabel","16":"product_tag-pl-stecker","18":"first","19":"instock","20":"sold-individually","21":"shipping-taxable","22":"purchasable","23":"product-type-variable","24":"has-default-attributes"},"_links":{"self":[{"href":"https:\/\/www.radiobunker.de\/de\/wp-json\/wp\/v2\/product\/174","targetHints":{"allow":["GET"]}}],"collection":[{"href":"https:\/\/www.radiobunker.de\/de\/wp-json\/wp\/v2\/product"}],"about":[{"href":"https:\/\/www.radiobunker.de\/de\/wp-json\/wp\/v2\/types\/product"}],"replies":[{"embeddable":true,"href":"https:\/\/www.radiobunker.de\/de\/wp-json\/wp\/v2\/comments?post=174"}],"wp:featuredmedia":[{"embeddable":true,"href":"https:\/\/www.radiobunker.de\/de\/wp-json\/wp\/v2\/media\/161"}],"wp:attachment":[{"href":"https:\/\/www.radiobunker.de\/de\/wp-json\/wp\/v2\/media?parent=174"}],"wp:term":[{"taxonomy":"product_brand","embeddable":true,"href":"https:\/\/www.radiobunker.de\/de\/wp-json\/wp\/v2\/product_brand?post=174"},{"taxonomy":"product_cat","embeddable":true,"href":"https:\/\/www.radiobunker.de\/de\/wp-json\/wp\/v2\/product_cat?post=174"},{"taxonomy":"product_tag","embeddable":true,"href":"https:\/\/www.radiobunker.de\/de\/wp-json\/wp\/v2\/product_tag?post=174"}],"curies":[{"name":"wp","href":"https:\/\/api.w.org\/{rel}","templated":true}]}}