{"id":15,"date":"2024-01-24T08:29:49","date_gmt":"2024-01-24T07:29:49","guid":{"rendered":"https:\/\/www.radiobunker.de\/de\/?post_type=product&#038;p=15"},"modified":"2026-03-31T10:27:09","modified_gmt":"2026-03-31T08:27:09","slug":"ant103","status":"publish","type":"product","link":"https:\/\/www.radiobunker.de\/de\/artnum\/ant103","title":{"rendered":"5\/8 J-Pole Drahtantenne &#8211; 2m\/70cm Band &#8211; 144\/430 MHz &#8211; Nachbau"},"content":{"rendered":"<div id=\"ds_div\">\n<p dir=\"ltr\"><em><strong><span style=\"color: red;\">&#8212; Derzeit leider keine Bestellung mehr m\u00f6glich, wegen Lieferengp\u00e4sse &#8211; Wird alsbald wieder verf\u00fcgbar sein &#8212;<\/span><\/strong><\/em><\/p>\n<p dir=\"ltr\">Diese Drahtantenne besteht aus einer H\u00fchnerleiter und Lautsprecherkabel aus Kupfer (CU). Die Strahlerl\u00e4nge betr\u00e4gt einen 5\/8 \u03bb und verzichtet auf einem Kondensator und einer Mantelwellensperre. Die Gesamtl\u00e4nge der Antenne betr\u00e4gt rund 4,4m. Einen vormontierten PL-Stecker ist ebenfalls dabei.<\/p>\n<p dir=\"ltr\">Die Einsatzm\u00f6glichkeiten sind vielf\u00e4ltig. Diese Drahtantenne kann sowohl f\u00fcr den Mobilen Betrieb, sowie im Garten oder Feldern eingesetzt werden und ben\u00f6tigt daher auch keine weitere Masse oder spezielle Montierungen. Dank der integrierten Schlaufe, l\u00e4sst sich diese Drahtantenne auch an B\u00e4umen oder Angelruten anbringen.<\/p>\n<p dir=\"ltr\"><b>Technische Daten<\/b>:<\/p>\n<ul>\n<li dir=\"ltr\">Frequenzbereiche: 144 MHz &#8211; 146 MHz \/ 430 &#8211; 440 MHz<\/li>\n<li dir=\"ltr\">Strahlerl\u00e4nge: ~ 5\/8 \u03bb 2m \/ ~ 2x 5\/8 \u03bb 70cm<\/li>\n<li dir=\"ltr\">Zuleitung: Standard 5m &#8211; <em>(kann im Bestellprozess ausgew\u00e4hlt werden)<\/em><\/li>\n<li dir=\"ltr\">Belastbar bis: 100W \/ 150W Peak<\/li>\n<li dir=\"ltr\">SWR: &lt; 1 : 1,5<\/li>\n<li dir=\"ltr\">Material: RG58 CU<\/li>\n<li dir=\"ltr\">Impedanz: 50 \u03a9<\/li>\n<li dir=\"ltr\">Steckverbindung: PL, BNC <em>(Kann im Bestellprozess ausgew\u00e4hlt werden)<\/em><\/li>\n<\/ul>\n<p dir=\"ltr\"><b>Hinweis<\/b>: Dieses Drahtantenne ist ein Eigenbau und kann je nach Einsatzzweck von den Technischen Werten abweichen.<\/p>\n<\/div>\n","protected":false},"excerpt":{"rendered":"<p dir=\"ltr\"><b>Technische Daten<\/b>:<\/p>\n<ul>\n<li dir=\"ltr\">Frequenzbereiche: 144 MHz &#8211; 146 MHz \/ 430 &#8211; 440 MHz<\/li>\n<li dir=\"ltr\">Strahlerl\u00e4nge: ~ 5\/8 \u03bb 2m \/ ~ 2x 5\/8 \u03bb 70cm<\/li>\n<li dir=\"ltr\">Zuleitung: Standard 5m &#8211; <em>(kann im Bestellprozess ausgew\u00e4hlt werden)<\/em><\/li>\n<li dir=\"ltr\">Belastbar bis: 100W \/ 150W Peak<\/li>\n<li dir=\"ltr\">SWR: &lt; 1 : 1,5<\/li>\n<li dir=\"ltr\">Material: RG58 CU<\/li>\n<li dir=\"ltr\">Impedanz: 50 \u03a9<\/li>\n<li dir=\"ltr\">Steckverbindung: PL, BNC <em>(Kann im Bestellprozess ausgew\u00e4hlt werden)<\/em><\/li>\n<\/ul>\n","protected":false},"featured_media":70,"comment_status":"open","ping_status":"closed","template":"","meta":[],"product_brand":[],"product_cat":[17,18],"product_tag":[21,22,19,20,25,23,24],"class_list":{"0":"post-15","1":"product","2":"type-product","3":"status-publish","4":"has-post-thumbnail","6":"product_cat-amateurfunk","7":"product_cat-drahtantennen","8":"product_tag-2m","9":"product_tag-amateurfunk","10":"product_tag-antenne","11":"product_tag-drahtantenne","12":"product_tag-freenet","13":"product_tag-j-pole","14":"product_tag-pmr","16":"first","17":"outofstock","18":"shipping-taxable","19":"purchasable","20":"product-type-variable","21":"has-default-attributes"},"_links":{"self":[{"href":"https:\/\/www.radiobunker.de\/de\/wp-json\/wp\/v2\/product\/15","targetHints":{"allow":["GET"]}}],"collection":[{"href":"https:\/\/www.radiobunker.de\/de\/wp-json\/wp\/v2\/product"}],"about":[{"href":"https:\/\/www.radiobunker.de\/de\/wp-json\/wp\/v2\/types\/product"}],"replies":[{"embeddable":true,"href":"https:\/\/www.radiobunker.de\/de\/wp-json\/wp\/v2\/comments?post=15"}],"wp:featuredmedia":[{"embeddable":true,"href":"https:\/\/www.radiobunker.de\/de\/wp-json\/wp\/v2\/media\/70"}],"wp:attachment":[{"href":"https:\/\/www.radiobunker.de\/de\/wp-json\/wp\/v2\/media?parent=15"}],"wp:term":[{"taxonomy":"product_brand","embeddable":true,"href":"https:\/\/www.radiobunker.de\/de\/wp-json\/wp\/v2\/product_brand?post=15"},{"taxonomy":"product_cat","embeddable":true,"href":"https:\/\/www.radiobunker.de\/de\/wp-json\/wp\/v2\/product_cat?post=15"},{"taxonomy":"product_tag","embeddable":true,"href":"https:\/\/www.radiobunker.de\/de\/wp-json\/wp\/v2\/product_tag?post=15"}],"curies":[{"name":"wp","href":"https:\/\/api.w.org\/{rel}","templated":true}]}}