{"id":122,"date":"2024-01-28T20:18:59","date_gmt":"2024-01-28T19:18:59","guid":{"rendered":"https:\/\/www.radiobunker.de\/de\/?post_type=product&#038;p=122"},"modified":"2026-03-31T09:54:31","modified_gmt":"2026-03-31T07:54:31","slug":"ant100","status":"publish","type":"product","link":"https:\/\/www.radiobunker.de\/de\/artnum\/ant100","title":{"rendered":"Amateurfunk Drahtantenne 1\/4 &#8211; 2m\/70cm Band -144\/430 MHz &#8211; Nachbau"},"content":{"rendered":"<div id=\"ds_div\">\n<p dir=\"ltr\">Diese Drahtantenne besteht aus einem RG58 Kabel wobei der Innenleiter aus Kupfer (CU) besteht. Die Strahlerl\u00e4nge betr\u00e4gt einen 1\/4 \u03bb und besteht aus einer intrigierten Mantelwellensperre auf einem 1,0 Zoll PVC Verbindungsrohr. Die Gesamtl\u00e4nge der Antenne betr\u00e4gt rund 3,0m. Einen vormontierten PL-Stecker ist ebenfalls dabei.<\/p>\n<p dir=\"ltr\">Die Einsatzm\u00f6glichkeiten sind vielf\u00e4ltig. Diese Drahtantenne kann sowohl f\u00fcr den Mobilen Betrieb, sowie im Garten oder Feldern eingesetzt werden und ben\u00f6tigt daher auch keine weitere Masse oder spezielle Montierungen. Dank der integrierten Schlaufe, l\u00e4sst sich diese Drahtantenne auch an B\u00e4umen oder Angelruten anbringen.<\/p>\n<p dir=\"ltr\"><b>Technische Daten<\/b>:<\/p>\n<ul>\n<li>Frequenzbereiche: 144 MHz &#8211; 146 MHz \/ 430 &#8211; 440 MHz<\/li>\n<li dir=\"ltr\">Strahlerl\u00e4nge: 1\/4 \u03bb<\/li>\n<li dir=\"ltr\">Zuleitung: Standard 5m &#8211; <em>(kann im Bestellprozess ausgew\u00e4hlt werden)<\/em><\/li>\n<li>Belastbar bis: 100W \/ 150W Peak<\/li>\n<li dir=\"ltr\">SWR: &lt; 1 : 1,5<\/li>\n<li dir=\"ltr\">Material: RG58 CU<\/li>\n<li dir=\"ltr\">Impedanz: 50 \u03a9<\/li>\n<li dir=\"ltr\">Mantelsperre: 0,8 Zoll, 10W<\/li>\n<li dir=\"ltr\">Steckverbindung: PL, BNC <em>(Kann im Bestellprozess ausgew\u00e4hlt werden)<\/em><\/li>\n<\/ul>\n<p dir=\"ltr\"><b>Hinweis<\/b>: Dieses Drahtantenne ist ein Eigenbau und kann je nach Einsatzzweck von den Technischen Werten abweichen.<\/p>\n<\/div>\n","protected":false},"excerpt":{"rendered":"<p dir=\"ltr\"><b>Technische Daten<\/b>:<\/p>\n<ul>\n<li>Frequenzbereiche: 144 MHz &#8211; 146 MHz \/ 430 &#8211; 440 MHz<\/li>\n<li dir=\"ltr\">Strahlerl\u00e4nge: 1\/4 \u03bb<\/li>\n<li dir=\"ltr\">Zuleitung: Standard 5m &#8211; <em>(kann im Bestellprozess ausgew\u00e4hlt werden)<\/em><\/li>\n<li>Belastbar bis: 100W \/ 150W Peak<\/li>\n<li dir=\"ltr\">SWR: &lt; 1 : 1,5<\/li>\n<li dir=\"ltr\">Material: RG58 CU<\/li>\n<li dir=\"ltr\">Impedanz: 50 \u03a9<\/li>\n<li dir=\"ltr\">Mantelsperre: 0,8 Zoll, 10W<\/li>\n<li dir=\"ltr\">Steckverbindung: PL, BNC <em>(Kann im Bestellprozess ausgew\u00e4hlt werden)<\/em><\/li>\n<\/ul>\n","protected":false},"featured_media":156,"comment_status":"open","ping_status":"closed","template":"","meta":[],"product_brand":[],"product_cat":[17,18],"product_tag":[21,19,20,25,35,36,24],"class_list":{"0":"post-122","1":"product","2":"type-product","3":"status-publish","4":"has-post-thumbnail","6":"product_cat-amateurfunk","7":"product_cat-drahtantennen","8":"product_tag-2m","9":"product_tag-antenne","10":"product_tag-drahtantenne","11":"product_tag-freenet","12":"product_tag-funk","13":"product_tag-kabel","14":"product_tag-pmr","16":"first","17":"instock","18":"shipping-taxable","19":"purchasable","20":"product-type-variable","21":"has-default-attributes"},"_links":{"self":[{"href":"https:\/\/www.radiobunker.de\/de\/wp-json\/wp\/v2\/product\/122","targetHints":{"allow":["GET"]}}],"collection":[{"href":"https:\/\/www.radiobunker.de\/de\/wp-json\/wp\/v2\/product"}],"about":[{"href":"https:\/\/www.radiobunker.de\/de\/wp-json\/wp\/v2\/types\/product"}],"replies":[{"embeddable":true,"href":"https:\/\/www.radiobunker.de\/de\/wp-json\/wp\/v2\/comments?post=122"}],"wp:featuredmedia":[{"embeddable":true,"href":"https:\/\/www.radiobunker.de\/de\/wp-json\/wp\/v2\/media\/156"}],"wp:attachment":[{"href":"https:\/\/www.radiobunker.de\/de\/wp-json\/wp\/v2\/media?parent=122"}],"wp:term":[{"taxonomy":"product_brand","embeddable":true,"href":"https:\/\/www.radiobunker.de\/de\/wp-json\/wp\/v2\/product_brand?post=122"},{"taxonomy":"product_cat","embeddable":true,"href":"https:\/\/www.radiobunker.de\/de\/wp-json\/wp\/v2\/product_cat?post=122"},{"taxonomy":"product_tag","embeddable":true,"href":"https:\/\/www.radiobunker.de\/de\/wp-json\/wp\/v2\/product_tag?post=122"}],"curies":[{"name":"wp","href":"https:\/\/api.w.org\/{rel}","templated":true}]}}