{"id":201,"date":"2024-01-28T21:07:25","date_gmt":"2024-01-28T20:07:25","guid":{"rendered":"https:\/\/www.radiobunker.de\/de\/?page_id=201"},"modified":"2024-01-28T21:07:26","modified_gmt":"2024-01-28T20:07:26","slug":"t-tone-meaning-tonqualitaet","status":"publish","type":"page","link":"https:\/\/www.radiobunker.de\/de\/t-tone-meaning-tonqualitaet","title":{"rendered":"T \/\/ Tone meaning \/\/ Tonqualit\u00e4t"},"content":{"rendered":"\n<figure class=\"wp-block-table is-style-stripes\"><table><tbody><tr><td>Wert<\/td><td>National<\/td><td>International<\/td><\/tr><tr><td>1<\/td><td>fast nicht nicht verst\u00e4ndlicher Ton<\/td><td><em>extreamly rough hissing note<\/em><\/td><\/tr><tr><td>2<\/td><td>schwer verst\u00e4ndlicher<\/td><td><em>very rough A.C. note<\/em><\/td><\/tr><tr><td>3<\/td><td>leicht verst\u00e4ndlicher<\/td><td><em>rough A.C. low pitched note<\/em><\/td><\/tr><tr><td>4<\/td><td>verst\u00e4ndlicher<\/td><td><em>rather rough A.C. note<\/em><\/td><\/tr><tr><td>5<\/td><td>annehmbarer Ton<\/td><td><em>musically modulated note<\/em><\/td><\/tr><tr><td>6<\/td><td>verst\u00e4ndlicher Ton<\/td><td><em>modulated note<\/em><\/td><\/tr><tr><td>7<\/td><td>guter Ton<\/td><td><em>near D.C. note &#8211; smooth ripple<\/em><\/td><\/tr><tr><td>8<\/td><td>klarer Ton<\/td><td><em>good D.C. note<\/em><\/td><\/tr><tr><td>9<\/td><td>super klarer Ton<\/td><td><em>purest D.C. note<\/em><\/td><\/tr><\/tbody><\/table><\/figure>\n","protected":false},"excerpt":{"rendered":"<p>Wert National International 1 fast nicht nicht verst\u00e4ndlicher Ton extreamly rough hissing note 2 schwer verst\u00e4ndlicher very rough A.C. note 3 leicht verst\u00e4ndlicher rough A.C. low pitched note 4 verst\u00e4ndlicher rather rough A.C. note&#46;&#46;&#46;<\/p>\n","protected":false},"author":1,"featured_media":0,"parent":0,"menu_order":0,"comment_status":"closed","ping_status":"closed","template":"","meta":{"footnotes":""},"class_list":["post-201","page","type-page","status-publish","hentry"],"_links":{"self":[{"href":"https:\/\/www.radiobunker.de\/de\/wp-json\/wp\/v2\/pages\/201","targetHints":{"allow":["GET"]}}],"collection":[{"href":"https:\/\/www.radiobunker.de\/de\/wp-json\/wp\/v2\/pages"}],"about":[{"href":"https:\/\/www.radiobunker.de\/de\/wp-json\/wp\/v2\/types\/page"}],"author":[{"embeddable":true,"href":"https:\/\/www.radiobunker.de\/de\/wp-json\/wp\/v2\/users\/1"}],"replies":[{"embeddable":true,"href":"https:\/\/www.radiobunker.de\/de\/wp-json\/wp\/v2\/comments?post=201"}],"version-history":[{"count":1,"href":"https:\/\/www.radiobunker.de\/de\/wp-json\/wp\/v2\/pages\/201\/revisions"}],"predecessor-version":[{"id":202,"href":"https:\/\/www.radiobunker.de\/de\/wp-json\/wp\/v2\/pages\/201\/revisions\/202"}],"wp:attachment":[{"href":"https:\/\/www.radiobunker.de\/de\/wp-json\/wp\/v2\/media?parent=201"}],"curies":[{"name":"wp","href":"https:\/\/api.w.org\/{rel}","templated":true}]}}