{"id":197,"date":"2024-01-28T21:06:17","date_gmt":"2024-01-28T20:06:17","guid":{"rendered":"https:\/\/www.radiobunker.de\/de\/?page_id=197"},"modified":"2026-05-04T22:38:41","modified_gmt":"2026-05-04T20:38:41","slug":"r-radio-meaning-radiowerte","status":"publish","type":"page","link":"https:\/\/www.radiobunker.de\/de\/r-radio-meaning-radiowerte","title":{"rendered":"R \/\/ Radio meaning \/\/ Radiowerte"},"content":{"rendered":"\n<figure><table width=\"100%\"><tbody><tr><td>Wert<\/td><td>National<\/td><td>International<\/td><\/tr><tr><td>1<\/td><td>nicht h\u00f6rbar<\/td><td><em>unreadable<\/em><\/td><\/tr><tr><td>2<\/td><td>ganz leise h\u00f6rbar<\/td><td><em>bearly readable<\/em><\/td><\/tr><tr><td>3<\/td><td>mit sehr gro\u00dfen Schwierigkeiten h\u00f6rbar<\/td><td><em>readable with some concierable difficulty<\/em><\/td><\/tr><tr><td>4<\/td><td>ganz gut h\u00f6rbar<\/td><td><em>completely well audibly<\/em><\/td><\/tr><tr><td>5<\/td><td>super h\u00f6rbar<\/td><td><em>perfectly readable<\/em><\/td><\/tr><\/tbody><\/table><\/figure>\n","protected":false},"excerpt":{"rendered":"<p>Wert National International 1 nicht h\u00f6rbar unreadable 2 ganz leise h\u00f6rbar bearly readable 3 mit sehr gro\u00dfen Schwierigkeiten h\u00f6rbar readable with some concierable difficulty 4 ganz gut h\u00f6rbar completely well audibly 5 super h\u00f6rbar perfectly readable<\/p>\n","protected":false},"author":1,"featured_media":0,"parent":0,"menu_order":0,"comment_status":"closed","ping_status":"closed","template":"","meta":{"footnotes":""},"class_list":["post-197","page","type-page","status-publish","hentry"],"_links":{"self":[{"href":"https:\/\/www.radiobunker.de\/de\/wp-json\/wp\/v2\/pages\/197","targetHints":{"allow":["GET"]}}],"collection":[{"href":"https:\/\/www.radiobunker.de\/de\/wp-json\/wp\/v2\/pages"}],"about":[{"href":"https:\/\/www.radiobunker.de\/de\/wp-json\/wp\/v2\/types\/page"}],"author":[{"embeddable":true,"href":"https:\/\/www.radiobunker.de\/de\/wp-json\/wp\/v2\/users\/1"}],"replies":[{"embeddable":true,"href":"https:\/\/www.radiobunker.de\/de\/wp-json\/wp\/v2\/comments?post=197"}],"version-history":[{"count":2,"href":"https:\/\/www.radiobunker.de\/de\/wp-json\/wp\/v2\/pages\/197\/revisions"}],"predecessor-version":[{"id":1296,"href":"https:\/\/www.radiobunker.de\/de\/wp-json\/wp\/v2\/pages\/197\/revisions\/1296"}],"wp:attachment":[{"href":"https:\/\/www.radiobunker.de\/de\/wp-json\/wp\/v2\/media?parent=197"}],"curies":[{"name":"wp","href":"https:\/\/api.w.org\/{rel}","templated":true}]}}