{"id":195,"date":"2024-01-28T21:05:37","date_gmt":"2024-01-28T20:05:37","guid":{"rendered":"https:\/\/www.radiobunker.de\/de\/?page_id=195"},"modified":"2026-05-04T22:38:34","modified_gmt":"2026-05-04T20:38:34","slug":"q-abkuerzungen","status":"publish","type":"page","link":"https:\/\/www.radiobunker.de\/de\/q-abkuerzungen","title":{"rendered":"Q \/ Abk\u00fcrzungen"},"content":{"rendered":"\n<figure><table width=\"100%\"><tbody><tr><td class=\"has-text-align-center\" data-align=\"center\">Code<\/td><td><\/td><\/tr><tr><td class=\"has-text-align-center\" data-align=\"center\">QRA<\/td><td>Der Name meiner Funkstelle ist\u2026<\/td><\/tr><tr><td class=\"has-text-align-center\" data-align=\"center\">QRB<\/td><td>Die Entfernung zwischen unseren Funkstellen betr\u00e4gt ungef\u00e4hr\u2026 Km<\/td><\/tr><tr><td class=\"has-text-align-center\" data-align=\"center\">QRG<\/td><td>Frequenz oder Kanal ist \u2026 kHz \/ MHz \/\/ Nr.<\/td><\/tr><tr><td class=\"has-text-align-center\" data-align=\"center\">QRH<\/td><td>Ihre Frequenz schwankt.<\/td><\/tr><tr><td class=\"has-text-align-center\" data-align=\"center\">QRI<\/td><td>Der Ton Ihrer Aussendung ist: Gut Verst\u00e4ndlich Schlecht<\/td><\/tr><tr><td class=\"has-text-align-center\" data-align=\"center\">QRK<\/td><td>Die Verst\u00e4ndlichkeit Ihrer Zeichen ist: Schlecht Mangelhaft Ausreichend<\/td><\/tr><tr><td class=\"has-text-align-center\" data-align=\"center\">QRL<\/td><td>Ich bin besch\u00e4ftigt<\/td><\/tr><tr><td class=\"has-text-align-center\" data-align=\"center\">QRM<\/td><td>Ich werde gest\u00f6rt: Sehr schwach Schwach M\u00e4\u00dfig Stark Sehr stark<\/td><\/tr><tr><td class=\"has-text-align-center\" data-align=\"center\">QRN<\/td><td>Atmosph\u00e4rische St\u00f6rungen: Sehr schwach Schwach M\u00e4\u00dfig Stark Sehr stark<\/td><\/tr><tr><td class=\"has-text-align-center\" data-align=\"center\">QRO<\/td><td>Erh\u00f6hen Sie die Sendeleistung<\/td><\/tr><tr><td class=\"has-text-align-center\" data-align=\"center\">QRP<\/td><td>Vermindern Sie die Sendeleistung<\/td><\/tr><tr><td class=\"has-text-align-center\" data-align=\"center\">QRQ<\/td><td>Geben Sie schneller (\u2026W\u00f6rter in der Minute)<\/td><\/tr><tr><td class=\"has-text-align-center\" data-align=\"center\">QRS<\/td><td>Geben Sie langsamer (\u2026W\u00f6rter in der Minute)<\/td><\/tr><tr><td class=\"has-text-align-center\" data-align=\"center\">QRT<\/td><td>Stellen Sie die \u00dcbermittlung ein. Funkverbindung beenden.<\/td><\/tr><tr><td class=\"has-text-align-center\" data-align=\"center\">QRU<\/td><td>Ich habe nichts f\u00fcr Sie.<\/td><\/tr><tr><td class=\"has-text-align-center\" data-align=\"center\">QRV<\/td><td>Ich bin bereit.<\/td><\/tr><tr><td class=\"has-text-align-center\" data-align=\"center\">QRZ<\/td><td>Sie werden von\u2026 auf \u2026kHz \/ MHz gerufen.<\/td><\/tr><tr><td class=\"has-text-align-center\" data-align=\"center\">QSA<\/td><td>Ihre Zeichen sind h\u00f6rbar: Kaum Schwach Ziemlich gut Gut oder 5. Sehr gut h\u00f6rbar<\/td><\/tr><tr><td class=\"has-text-align-center\" data-align=\"center\">QSB<\/td><td>Die St\u00e4rke Ihrer Zeichen \/ S-Wert schwankt.<\/td><\/tr><tr><td class=\"has-text-align-center\" data-align=\"center\">QSD<\/td><td>Ihre Zeichen \/ Worte sind verst\u00fcmmelt.<\/td><\/tr><tr><td class=\"has-text-align-center\" data-align=\"center\">QSK<\/td><td>Ich kann Sie h\u00f6ren; Sie d\u00fcrfen mich w\u00e4hrend meiner \u00dcbermittlung unterbrechen.<\/td><\/tr><tr><td class=\"has-text-align-center\" data-align=\"center\">QSL<\/td><td>Ich gebe Ihnen Empfangsbest\u00e4tigung. Kartenbest\u00e4tigung \u2013 schriftlich.<\/td><\/tr><tr><td class=\"has-text-align-center\" data-align=\"center\">QSO<\/td><td>Ich f\u00fchre ein Gespr\u00e4ch<\/td><\/tr><tr><td class=\"has-text-align-center\" data-align=\"center\">QSP<\/td><td>Ich werde an \u2026 vermitteln.<\/td><\/tr><tr><td class=\"has-text-align-center\" data-align=\"center\">QSV<\/td><td>Senden Sie eine Reihe V auf dieser Frequenz\u2026 kHz \/ MHz<\/td><\/tr><tr><td class=\"has-text-align-center\" data-align=\"center\">QSY<\/td><td>Gehen Sie zum Senden auf eine andere Frequenz\u2026 kHz \/ MHz<\/td><\/tr><tr><td class=\"has-text-align-center\" data-align=\"center\">QTH<\/td><td>Mein Standort ist\u2026 Breite, L\u00e4nge oder nach anderer Angabe.<\/td><\/tr><tr><td class=\"has-text-align-center\" data-align=\"center\">QTR<\/td><td>Es ist genau \u2026 Uhr.<\/td><\/tr><\/tbody><\/table><\/figure>\n","protected":false},"excerpt":{"rendered":"<p>Code QRA Der Name meiner Funkstelle ist\u2026 QRB Die Entfernung zwischen unseren Funkstellen betr\u00e4gt ungef\u00e4hr\u2026 Km QRG Frequenz oder Kanal ist \u2026 kHz \/ MHz \/\/ Nr. QRH Ihre Frequenz schwankt. QRI Der Ton Ihrer Aussendung ist: Gut Verst\u00e4ndlich Schlecht QRK Die Verst\u00e4ndlichkeit Ihrer Zeichen ist: Schlecht Mangelhaft Ausreichend QRL Ich bin besch\u00e4ftigt QRM Ich [&hellip;]<\/p>\n","protected":false},"author":1,"featured_media":0,"parent":0,"menu_order":0,"comment_status":"closed","ping_status":"closed","template":"","meta":{"footnotes":""},"class_list":["post-195","page","type-page","status-publish","hentry"],"_links":{"self":[{"href":"https:\/\/www.radiobunker.de\/de\/wp-json\/wp\/v2\/pages\/195","targetHints":{"allow":["GET"]}}],"collection":[{"href":"https:\/\/www.radiobunker.de\/de\/wp-json\/wp\/v2\/pages"}],"about":[{"href":"https:\/\/www.radiobunker.de\/de\/wp-json\/wp\/v2\/types\/page"}],"author":[{"embeddable":true,"href":"https:\/\/www.radiobunker.de\/de\/wp-json\/wp\/v2\/users\/1"}],"replies":[{"embeddable":true,"href":"https:\/\/www.radiobunker.de\/de\/wp-json\/wp\/v2\/comments?post=195"}],"version-history":[{"count":2,"href":"https:\/\/www.radiobunker.de\/de\/wp-json\/wp\/v2\/pages\/195\/revisions"}],"predecessor-version":[{"id":1295,"href":"https:\/\/www.radiobunker.de\/de\/wp-json\/wp\/v2\/pages\/195\/revisions\/1295"}],"wp:attachment":[{"href":"https:\/\/www.radiobunker.de\/de\/wp-json\/wp\/v2\/media?parent=195"}],"curies":[{"name":"wp","href":"https:\/\/api.w.org\/{rel}","templated":true}]}}